{"id":808,"date":"2021-11-27T09:13:21","date_gmt":"2021-11-27T08:13:21","guid":{"rendered":"https:\/\/smartmob.irunhondarribiahendaye.com\/consorcio-transfrontalier-bidasoa-txingudi\/transport-public\/"},"modified":"2022-04-29T14:38:51","modified_gmt":"2022-04-29T14:38:51","slug":"transport-public","status":"publish","type":"page","link":"https:\/\/smartmob.irunhondarribiahendaye.com\/fr\/consorcio-transfrontalier-bidasoa-txingudi\/transport-public\/","title":{"rendered":"Transport public"},"content":{"rendered":"\n\n\t\t<h1>\n\t\t\tTransport public\n\t\t\t\t\t\t\t\t\t\t\tLe transport public entre iparralde et hegoalde trouve son interconnexion \u00e0 Bidasoa-Txingudi\n\t\t<\/h1>\n\t\t\t<p>Tu veux savoir comment passer d&rsquo;une ligne \u00e0 l&rsquo;autre? Nous t&rsquo;indiquons les diff\u00e9rents arr\u00eats aux endroits indiqu\u00e9s sur la carte et les correspondances entre Irunbus, Lurraldebus, Txik Txak, Euskotren, RENFE, SNCF, la Navette Fluviale et l&rsquo;A\u00e9roport.<\/p>\t\t\n\t\t\t\t<a href=\"https:\/\/smartmob.irunhondarribiahendaye.com\/wp-content\/uploads\/2022\/04\/instrucciones-mapa-scaled.jpg\" target=\"_self\" itemprop=\"url\" rel=\"noopener\">\n\t\t\t\t<img decoding=\"async\" src=\"https:\/\/smartmob.irunhondarribiahendaye.com\/wp-content\/uploads\/2022\/04\/instrucciones-mapa-scaled.jpg\" alt=\"Instrucciones mapa Smartmob\" itemprop=\"image\" height=\"1337\" width=\"2560\" title=\"instrucciones-mapa\" onerror=\"this.style.display='none'\"  \/>\n\t\t\t\t<\/a>\n\t<p>Cliquez pour agrandir<\/p>\n\t\t<ul>\n\t\t\t\t\t<li>\n\t\t\t\t\t\t\t\t\t\t\t<img decoding=\"async\" src=\"https:\/\/smartmob.irunhondarribiahendaye.com\/wp-content\/uploads\/2022\/04\/instrucciones-mapa-1.png\" alt=\"instrucciones-mapa-1\" \/>\n\t\t\t\t<h3>Activer le filtre<\/h3>\n\t\t<p>En cliquant sur ce symbole, vous pouvez activer le filtre pour des recherches plus sp\u00e9cifiques.<\/p>\t\t\t\n\t\t\t<\/li>\n\t\t\t\t\t<li>\n\t\t\t\t\t\t\t\t\t\t\t<img decoding=\"async\" src=\"https:\/\/smartmob.irunhondarribiahendaye.com\/wp-content\/uploads\/2022\/04\/instrucciones-mapa-2.png\" alt=\"instrucciones-mapa-2\" \/>\n\t\t\t\t<h3>Rechercher des lignes sp\u00e9cifiques<\/h3>\n\t\t<p>Avec ce filtre, vous pouvez activer ou d\u00e9sactiver la ou les lignes que vous souhaitez voir.<\/p>\t\t\t\n\t\t\t<\/li>\n\t\t\t\t\t<li>\n\t\t\t\t\t\t\t\t\t\t\t<img decoding=\"async\" src=\"https:\/\/smartmob.irunhondarribiahendaye.com\/wp-content\/uploads\/2022\/04\/instrucciones-mapa-3.png\" alt=\"instrucciones-mapa-3\" \/>\n\t\t\t\t<h3>Nom de l&rsquo;arr\u00eat<\/h3>\n\t\t<p>Le haut de la fiche montre le nom de l&rsquo;arr\u00eat.<\/p>\t\t\t\n\t\t\t<\/li>\n\t\t\t\t\t<li>\n\t\t\t\t\t\t\t\t\t\t\t<img decoding=\"async\" src=\"https:\/\/smartmob.irunhondarribiahendaye.com\/wp-content\/uploads\/2022\/04\/instrucciones-mapa-4.png\" alt=\"instrucciones-mapa-4\" \/>\n\t\t\t\t<h3>Nom de la ligne<\/h3>\n\t\t<p>C&rsquo;est le nom de la ligne sur laquelle se trouve l&rsquo;arr\u00eat.<\/p>\t\t\t\n\t\t\t<\/li>\n\t\t\t\t\t<li>\n\t\t\t\t\t\t\t\t\t\t\t<img decoding=\"async\" src=\"https:\/\/smartmob.irunhondarribiahendaye.com\/wp-content\/uploads\/2022\/04\/instrucciones-mapa-5.png\" alt=\"instrucciones-mapa-5\" \/>\n\t\t\t\t<h3>Correspondance<\/h3>\n\t\t<p>Les lignes qui se croisent \u00e0 l&rsquo;arr\u00eat actuel sont affich\u00e9es ici.<\/p>\t\t\t\n\t\t\t<\/li>\n\t\t\t\t\t<li>\n\t\t\t\t\t\t\t\t\t\t\t<img decoding=\"async\" src=\"https:\/\/smartmob.irunhondarribiahendaye.com\/wp-content\/uploads\/2022\/04\/instrucciones-mapa-6.png\" alt=\"instrucciones-mapa-6\" \/>\n\t\t\t\t<h3>Autres correspondances<\/h3>\n\t\t<p>Ce sont les lignes avec lesquelles la ligne actuelle partage des arr\u00eats.<\/p>\t\t\t\n\t\t\t<\/li>\n\t\t\t\t\t<li>\n\t\t\t\t\t\t\t\t\t\t\t<img decoding=\"async\" src=\"https:\/\/smartmob.irunhondarribiahendaye.com\/wp-content\/uploads\/2022\/04\/instrucciones-mapa-7.png\" alt=\"instrucciones-mapa-7\" \/>\n\t\t\t\t<h3>T\u00e9l\u00e9charger les horaires<\/h3>\n\t\t<p>Acc\u00e8s aux horaires de la ligne provenant du site officiel du r\u00e9seau concern\u00e9.<\/p>\t\t\t\n\t\t\t<\/li>\n\t\t\t\t\t<li>\n\t\t\t\t\t\t\t\t\t\t\t<img decoding=\"async\" src=\"https:\/\/smartmob.irunhondarribiahendaye.com\/wp-content\/uploads\/2022\/04\/instrucciones-mapa-8.png\" alt=\"instrucciones-mapa-8\" \/>\n\t\t\t\t<h3>Indications<\/h3>\n\t\t<p>Ce lien redirige vers Google Maps pour obtenir des instructions sur la fa\u00e7on de s&rsquo;y rendre.<\/p>\t\t\t\n\t\t\t<\/li>\n\t\t\t\t<\/ul>\n\t\t\t<div id=\"maps-marker-pro-eeacc0c3\" class=\"maps-marker-pro mmp-list-right\" style=\"width: 100%;\">\n\t\t\t<div id=\"mmp-map-wrap-eeacc0c3\" class=\"mmp-map-wrap\">\n\t\t\t\t\t\t\t\t\t<div id=\"mmp-panel-eeacc0c3\" class=\"mmp-panel\"><\/div>\n\t\t\t\t\t\t\t\t<div id=\"mmp-map-eeacc0c3\" class=\"mmp-map\" style=\"height: 700px;\"><\/div>\n\t\t\t\t\t\t\t<\/div>\n\t\t\t\t\t\t\t<div id=\"mmp-list-eeacc0c3\" class=\"mmp-list\" style=\"flex-basis: 290px;\"><\/div>\n\t\t\t\t\t<\/div>\n\t\t\n\n","protected":false},"excerpt":{"rendered":"<p>Transport public Le transport public entre iparralde et hegoalde trouve son interconnexion \u00e0 Bidasoa-Txingudi Tu veux savoir comment passer d&rsquo;une ligne \u00e0 l&rsquo;autre? Nous t&rsquo;indiquons les diff\u00e9rents arr\u00eats aux endroits indiqu\u00e9s sur la carte et les correspondances entre Irunbus, Lurraldebus, Txik Txak, Euskotren, RENFE, SNCF, la Navette Fluviale et l&rsquo;A\u00e9roport. Cliquez pour agrandir Activer le&hellip;<\/p>\n","protected":false},"author":1,"featured_media":0,"parent":226,"menu_order":0,"comment_status":"closed","ping_status":"closed","template":"","meta":{"footnotes":""},"class_list":["post-808","page","type-page","status-publish","hentry"],"_links":{"self":[{"href":"https:\/\/smartmob.irunhondarribiahendaye.com\/fr\/wp-json\/wp\/v2\/pages\/808","targetHints":{"allow":["GET"]}}],"collection":[{"href":"https:\/\/smartmob.irunhondarribiahendaye.com\/fr\/wp-json\/wp\/v2\/pages"}],"about":[{"href":"https:\/\/smartmob.irunhondarribiahendaye.com\/fr\/wp-json\/wp\/v2\/types\/page"}],"author":[{"embeddable":true,"href":"https:\/\/smartmob.irunhondarribiahendaye.com\/fr\/wp-json\/wp\/v2\/users\/1"}],"replies":[{"embeddable":true,"href":"https:\/\/smartmob.irunhondarribiahendaye.com\/fr\/wp-json\/wp\/v2\/comments?post=808"}],"version-history":[{"count":0,"href":"https:\/\/smartmob.irunhondarribiahendaye.com\/fr\/wp-json\/wp\/v2\/pages\/808\/revisions"}],"up":[{"embeddable":true,"href":"https:\/\/smartmob.irunhondarribiahendaye.com\/fr\/wp-json\/wp\/v2\/pages\/226"}],"wp:attachment":[{"href":"https:\/\/smartmob.irunhondarribiahendaye.com\/fr\/wp-json\/wp\/v2\/media?parent=808"}],"curies":[{"name":"wp","href":"https:\/\/api.w.org\/{rel}","templated":true}]}}