{"id":806,"date":"2021-11-27T09:19:21","date_gmt":"2021-11-27T08:19:21","guid":{"rendered":"https:\/\/smartmob.irunhondarribiahendaye.com\/consorcio-transfrontalier-bidasoa-txingudi\/transport-a-la-demande\/transport-scolaire\/"},"modified":"2025-02-14T10:57:42","modified_gmt":"2025-02-14T09:57:42","slug":"transport-scolaire","status":"publish","type":"page","link":"https:\/\/smartmob.irunhondarribiahendaye.com\/fr\/consorcio-transfrontalier-bidasoa-txingudi\/transport-a-la-demande\/transport-scolaire\/","title":{"rendered":"Transport scolaire"},"content":{"rendered":"\n<h2>\n\t\tTransport scolaire\n\t<\/h2>\n\t\t\t\t\t\t\t<img decoding=\"async\" src=\"https:\/\/smartmob.irunhondarribiahendaye.com\/wp-content\/uploads\/2022\/03\/transporte-escolar-sud.jpg\" alt=\"transporte-escolar-sud\" width=\"1200\" height=\"1011\" \/>\n\t\t<h4>Au Sud Pays Basque<\/h4>\n\t\t\t\t\t<p>Le r\u00e9seau de transport TXIK TXAK propose des circuits de d\u00e9placements adapt\u00e9s vers les principaux \u00e9tablissements scolaires du territoire Sud Pays Basque. Pour en b\u00e9n\u00e9ficier, il est n\u00e9cessaire de faire l&rsquo;inscription correspondante. <a href=\"https:\/\/www.txiktxak.fr\/le-transport-scolaire\/\" target=\"_blank\" rel=\"noopener\">+informations<\/a><\/p>\t\t\t\t\n\t\t\t\t\t\t\t<img decoding=\"async\" src=\"https:\/\/smartmob.irunhondarribiahendaye.com\/wp-content\/uploads\/2022\/03\/transporte-escolar-irun.jpg\" alt=\"transporte-escolar-irun\" width=\"1200\" height=\"1011\" \/>\n\t\t<h4>\u00c0 Irun et Hondarribia<\/h4>\n\t\t\t\t\t<p>La gestion des d\u00e9placements scolaires s&rsquo;effectue par le biais des \u00e9tablissements scolaires. Il est donc recommand\u00e9 de contacter les secr\u00e9tariats desdits \u00e9tablissements pour obtenir les informations correspondantes.<\/p>\t\t\t\t\n\n","protected":false},"excerpt":{"rendered":"<p>Transport scolaire Au Sud Pays Basque Le r\u00e9seau de transport TXIK TXAK propose des circuits de d\u00e9placements adapt\u00e9s vers les principaux \u00e9tablissements scolaires du territoire Sud Pays Basque. Pour en b\u00e9n\u00e9ficier, il est n\u00e9cessaire de faire l&rsquo;inscription correspondante. +informations \u00c0 Irun et Hondarribia La gestion des d\u00e9placements scolaires s&rsquo;effectue par le biais des \u00e9tablissements scolaires.&hellip;<\/p>\n","protected":false},"author":1,"featured_media":0,"parent":796,"menu_order":0,"comment_status":"closed","ping_status":"closed","template":"","meta":{"footnotes":""},"class_list":["post-806","page","type-page","status-publish","hentry"],"_links":{"self":[{"href":"https:\/\/smartmob.irunhondarribiahendaye.com\/fr\/wp-json\/wp\/v2\/pages\/806","targetHints":{"allow":["GET"]}}],"collection":[{"href":"https:\/\/smartmob.irunhondarribiahendaye.com\/fr\/wp-json\/wp\/v2\/pages"}],"about":[{"href":"https:\/\/smartmob.irunhondarribiahendaye.com\/fr\/wp-json\/wp\/v2\/types\/page"}],"author":[{"embeddable":true,"href":"https:\/\/smartmob.irunhondarribiahendaye.com\/fr\/wp-json\/wp\/v2\/users\/1"}],"replies":[{"embeddable":true,"href":"https:\/\/smartmob.irunhondarribiahendaye.com\/fr\/wp-json\/wp\/v2\/comments?post=806"}],"version-history":[{"count":0,"href":"https:\/\/smartmob.irunhondarribiahendaye.com\/fr\/wp-json\/wp\/v2\/pages\/806\/revisions"}],"up":[{"embeddable":true,"href":"https:\/\/smartmob.irunhondarribiahendaye.com\/fr\/wp-json\/wp\/v2\/pages\/796"}],"wp:attachment":[{"href":"https:\/\/smartmob.irunhondarribiahendaye.com\/fr\/wp-json\/wp\/v2\/media?parent=806"}],"curies":[{"name":"wp","href":"https:\/\/api.w.org\/{rel}","templated":true}]}}