{"id":799,"date":"2021-11-27T09:19:37","date_gmt":"2021-11-27T08:19:37","guid":{"rendered":"https:\/\/smartmob.irunhondarribiahendaye.com\/consorcio-transfrontalier-bidasoa-txingudi\/transport-a-la-demande\/a-la-demande\/"},"modified":"2025-02-14T11:10:59","modified_gmt":"2025-02-14T10:10:59","slug":"a-la-demande","status":"publish","type":"page","link":"https:\/\/smartmob.irunhondarribiahendaye.com\/fr\/consorcio-transfrontalier-bidasoa-txingudi\/transport-a-la-demande\/a-la-demande\/","title":{"rendered":"\u00c0 la demande"},"content":{"rendered":"\n<h2>\n\t\tTransport \u00e0 la demande\n\t<\/h2>\n\t\t\t\t\t\t\t<img decoding=\"async\" src=\"https:\/\/smartmob.irunhondarribiahendaye.com\/wp-content\/uploads\/2025\/02\/TxikTxak-PaysBasque.jpg\" alt=\"TxikTxak-PaysBasque\" width=\"257\" height=\"257\" \/>\n\t\t<h5>Tad de TXIK TXAK au Sud Pays Basque<\/h5>\n\t\t\t\t\t<p>Depuis le 6 janvier 2025, TXIK TXAK propose un nouveau service de transport \u00e0 la demande dans 148 communes du Pays Basque. Accessible \u00e0 toutes et \u00e0 tous, il compl\u00e8te les lignes de bus pour faciliter les d\u00e9placements au quotidien. <a href=\"https:\/\/www.txiktxak.fr\/vos-moyens-de-transport-a-la-carte\/le-service-de-transport-a-la-demande\/\" target=\"_blank\" rel=\"noopener\">+informations<\/a><\/p>\t\t\t\t\n\t\t\t\t\t\t\t<img decoding=\"async\" src=\"https:\/\/smartmob.irunhondarribiahendaye.com\/wp-content\/uploads\/2022\/03\/transporte-servicio-rural-behemendi.jpg\" alt=\"transporte-servicio-rural-behemendi\" width=\"380\" height=\"370\" \/>\n\t\t<h5>Service rural de transport \u00e0 la demande \u00e0 Irun<\/h5>\n\t\t\t\t\t<p>Pour les personnes \u00e2g\u00e9es et\/ou handicap\u00e9es ainsi que les personnes qui en prennent soin, de leur domicile au centre-ville, en les rapprochant des services de d&rsquo;assistance et de sant\u00e9 ainsi que d&rsquo;autres services qui leur sont n\u00e9cessaires pour effectuer diverses proc\u00e9dures. <a href=\"https:\/\/www.irun.org\/es\/entidades-servicios\/25-servicio-rural-de-transporte-a-demanda?iden=6195\" target=\"_blank\" rel=\"noopener\">+informations<\/a><\/p>\t\t\t\t\n\t\t\t\t\t\t\t<img decoding=\"async\" src=\"https:\/\/smartmob.irunhondarribiahendaye.com\/wp-content\/uploads\/2024\/09\/bajo-demanda-bidez-bide.jpg\" alt=\"bajo-demanda-bidez-bide\" width=\"1250\" height=\"532\" \/>\n\t\t<h5>Bidez-bide, un service de transport \u00e0 la demande pour le milieu rural de Hondarribia<\/h5>\n\t\t\t<p>Bidez-Bide est un service de transport \u00e0 la demande destin\u00e9 aux personnes \u00e0 mobilit\u00e9 r\u00e9duite ou aux personnes \u00e2g\u00e9es qui vivent dans une zone rurale ou non urbaine \u00e0 Hondarribia. Le service fonctionne du lundi au vendredi de 8h00 \u00e0 14h00.  <a href=\"https:\/\/www.hondarribia.eus\/es\/bidezbide\" target=\"_blank\" rel=\"noopener\">+informations<\/a><\/p>\t\t\n\n","protected":false},"excerpt":{"rendered":"<p>Transport \u00e0 la demande Tad de TXIK TXAK au Sud Pays Basque Depuis le 6 janvier 2025, TXIK TXAK propose un nouveau service de transport \u00e0 la demande dans 148 communes du Pays Basque. Accessible \u00e0 toutes et \u00e0 tous, il compl\u00e8te les lignes de bus pour faciliter les d\u00e9placements au quotidien. +informations Service rural&hellip;<\/p>\n","protected":false},"author":1,"featured_media":0,"parent":796,"menu_order":0,"comment_status":"closed","ping_status":"closed","template":"","meta":{"footnotes":""},"class_list":["post-799","page","type-page","status-publish","hentry"],"_links":{"self":[{"href":"https:\/\/smartmob.irunhondarribiahendaye.com\/fr\/wp-json\/wp\/v2\/pages\/799","targetHints":{"allow":["GET"]}}],"collection":[{"href":"https:\/\/smartmob.irunhondarribiahendaye.com\/fr\/wp-json\/wp\/v2\/pages"}],"about":[{"href":"https:\/\/smartmob.irunhondarribiahendaye.com\/fr\/wp-json\/wp\/v2\/types\/page"}],"author":[{"embeddable":true,"href":"https:\/\/smartmob.irunhondarribiahendaye.com\/fr\/wp-json\/wp\/v2\/users\/1"}],"replies":[{"embeddable":true,"href":"https:\/\/smartmob.irunhondarribiahendaye.com\/fr\/wp-json\/wp\/v2\/comments?post=799"}],"version-history":[{"count":0,"href":"https:\/\/smartmob.irunhondarribiahendaye.com\/fr\/wp-json\/wp\/v2\/pages\/799\/revisions"}],"up":[{"embeddable":true,"href":"https:\/\/smartmob.irunhondarribiahendaye.com\/fr\/wp-json\/wp\/v2\/pages\/796"}],"wp:attachment":[{"href":"https:\/\/smartmob.irunhondarribiahendaye.com\/fr\/wp-json\/wp\/v2\/media?parent=799"}],"curies":[{"name":"wp","href":"https:\/\/api.w.org\/{rel}","templated":true}]}}