{"id":779,"date":"2021-11-27T09:14:01","date_gmt":"2021-11-27T08:14:01","guid":{"rendered":"https:\/\/smartmob.irunhondarribiahendaye.com\/consorcio-transfrontalier-bidasoa-txingudi\/parkings\/"},"modified":"2022-03-27T19:27:49","modified_gmt":"2022-03-27T19:27:49","slug":"parkings","status":"publish","type":"page","link":"https:\/\/smartmob.irunhondarribiahendaye.com\/fr\/consorcio-transfrontalier-bidasoa-txingudi\/parkings\/","title":{"rendered":"Parkings"},"content":{"rendered":"\n<h2>\n\t\t\tParkings\n\t\t\t\t\t\t\t\t\t\t\tPara desplazarte de forma saludable y sostenible, aparca tu coche\n\t\t<\/h2>\n\t\t\t<p>Las ciudades que forman parte del territorio de Bidasoa-Txingudi y Sud Pays Basque te proponen diversas \u00e1reas de estacionamiento que te ubicamos en este mapa. Puedes dejar tu coche en alguna de ellas para seguir movi\u00e9ndote a pie, en bici, en patinete o en transporte p\u00fablico.<\/p>\t\t\n\t\t\t<div id=\"maps-marker-pro-6107f9d2\" class=\"maps-marker-pro mmp-list-right\" style=\"width: 100%;\">\n\t\t\t<div id=\"mmp-map-wrap-6107f9d2\" class=\"mmp-map-wrap\">\n\t\t\t\t\t\t\t\t\t<div id=\"mmp-panel-6107f9d2\" class=\"mmp-panel\"><\/div>\n\t\t\t\t\t\t\t\t<div id=\"mmp-map-6107f9d2\" class=\"mmp-map\" style=\"height: 600px;\"><\/div>\n\t\t\t\t\t\t\t<\/div>\n\t\t\t\t\t\t\t<div id=\"mmp-list-6107f9d2\" class=\"mmp-list\" style=\"flex-basis: 290px;\"><\/div>\n\t\t\t\t\t<\/div>\n\t\t\n","protected":false},"excerpt":{"rendered":"<p>Parkings Para desplazarte de forma saludable y sostenible, aparca tu coche Las ciudades que forman parte del territorio de Bidasoa-Txingudi y Sud Pays Basque te proponen diversas \u00e1reas de estacionamiento que te ubicamos en este mapa. Puedes dejar tu coche en alguna de ellas para seguir movi\u00e9ndote a pie, en bici, en patinete o en&hellip;<\/p>\n","protected":false},"author":1,"featured_media":0,"parent":226,"menu_order":0,"comment_status":"closed","ping_status":"closed","template":"","meta":{"footnotes":""},"class_list":["post-779","page","type-page","status-publish","hentry"],"_links":{"self":[{"href":"https:\/\/smartmob.irunhondarribiahendaye.com\/fr\/wp-json\/wp\/v2\/pages\/779","targetHints":{"allow":["GET"]}}],"collection":[{"href":"https:\/\/smartmob.irunhondarribiahendaye.com\/fr\/wp-json\/wp\/v2\/pages"}],"about":[{"href":"https:\/\/smartmob.irunhondarribiahendaye.com\/fr\/wp-json\/wp\/v2\/types\/page"}],"author":[{"embeddable":true,"href":"https:\/\/smartmob.irunhondarribiahendaye.com\/fr\/wp-json\/wp\/v2\/users\/1"}],"replies":[{"embeddable":true,"href":"https:\/\/smartmob.irunhondarribiahendaye.com\/fr\/wp-json\/wp\/v2\/comments?post=779"}],"version-history":[{"count":0,"href":"https:\/\/smartmob.irunhondarribiahendaye.com\/fr\/wp-json\/wp\/v2\/pages\/779\/revisions"}],"up":[{"embeddable":true,"href":"https:\/\/smartmob.irunhondarribiahendaye.com\/fr\/wp-json\/wp\/v2\/pages\/226"}],"wp:attachment":[{"href":"https:\/\/smartmob.irunhondarribiahendaye.com\/fr\/wp-json\/wp\/v2\/media?parent=779"}],"curies":[{"name":"wp","href":"https:\/\/api.w.org\/{rel}","templated":true}]}}