{"id":766,"date":"2021-11-27T09:15:40","date_gmt":"2021-11-27T08:15:40","guid":{"rendered":"https:\/\/smartmob.irunhondarribiahendaye.com\/consorcio-transfrontalier-bidasoa-txingudi\/documents\/"},"modified":"2026-04-08T09:56:34","modified_gmt":"2026-04-08T07:56:34","slug":"documents","status":"publish","type":"page","link":"https:\/\/smartmob.irunhondarribiahendaye.com\/fr\/consorcio-transfrontalier-bidasoa-txingudi\/documents\/","title":{"rendered":"Documents"},"content":{"rendered":"\n\n\t\t<h2>\n\t\t\tDocumentos de informaci\u00f3n complementaria\n\t\t\t\t\t\t\t\t\t\t\tLa movilidad transfronteriza es un campo que est\u00e1 evolucionando r\u00e1pidamente desde hace algunos a\u00f1os.\n\t\t<\/h2>\n\t\t\t<p>Te pondremos aqu\u00ed documentos descargables y enlaces hacia sitios Web de inter\u00e9s para tener una mejor comprensi\u00f3n de las redes existentes y de las normativas vigentes que puedan servirte en el presente y en el futuro.<\/p>\t\t\n\t\t\t\t\t\t<a href=\"https:\/\/smartmob.irunhondarribiahendaye.com\/wp-content\/uploads\/2025\/03\/MapaTxingudi-movilidad-lineas.pdf\" target=\"_blank\" aria-label=\"Bidasoa-Txingudi\">\n\t\t\t\t\t\t\t<img decoding=\"async\" src=\"https:\/\/smartmob.irunhondarribiahendaye.com\/wp-content\/uploads\/2022\/03\/mapa-movilidad.jpg\" alt=\"mapa-movilidad\" width=\"600\" height=\"875\" \/>\n\t\t\t\t\t\t<\/a>\n\t\t\t\t\tMapa de Movilidad\n\t\t<h4>Bidasoa-Txingudi<\/h4>\n\t\t\t\t\t<p>Desc\u00e1rgate en PDF el mapa de movilidad transfronteriza de Bidasoa-Txingudi<\/p>\t\t\t\t\n\t\t\t\t<a href=\"https:\/\/smartmob.irunhondarribiahendaye.com\/wp-content\/uploads\/2025\/03\/MapaTxingudi-movilidad-lineas.pdf\" role=\"button\" target=\"_blank\">\n\t\t\t\t\t\t\t\t\t\tDescargar PDF\t\t\t\t\t\t\t\t\t<\/a>\n\t\t\t\t\t\t<a href=\"https:\/\/www.txiktxak.fr\/\" target=\"_blank\" aria-label=\"Pays Basque Adour\">\n\t\t\t\t\t\t\t<img decoding=\"async\" src=\"https:\/\/smartmob.irunhondarribiahendaye.com\/wp-content\/uploads\/2022\/03\/txik-txak.jpg\" alt=\"txik-txak\" width=\"600\" height=\"875\" \/>\n\t\t\t\t\t\t<\/a>\n\t\t\t\t\tSyndicat des Mobilit\u00e9s\n\t\t<h4>Pays Basque Adour<\/h4>\n\t\t\t\t\t<p>Accede al portal de la red Txik Txak para desplazarte en todo Iparralde.<\/p>\t\t\t\t\n\t\t\t\t<a href=\"https:\/\/www.txiktxak.fr\/\" role=\"button\" target=\"_blank\">\n\t\t\t\t\t\t\t\t\t\tVisitar web\t\t\t\t\t\t\t\t\t<\/a>\n\t\t\t\t\t\t<a href=\"https:\/\/smartmob.irunhondarribiahendaye.com\/wp-content\/uploads\/2024\/11\/Irun-plano.pdf\" target=\"_blank\" aria-label=\"Irun\">\n\t\t\t\t\t\t\t<img decoding=\"async\" src=\"https:\/\/smartmob.irunhondarribiahendaye.com\/wp-content\/uploads\/2024\/11\/imagen-mapa-irun.jpg\" alt=\"imagen-mapa-irun\" width=\"600\" height=\"429\" \/>\n\t\t\t\t\t\t<\/a>\n\t\t\tCallejero oficial\n\t\t<h4>Irun<\/h4>\n\t\t\t\t<a href=\"https:\/\/smartmob.irunhondarribiahendaye.com\/wp-content\/uploads\/2024\/11\/Irun-plano.pdf\" role=\"button\" target=\"_blank\">\n\t\t\t\t\t\t\t\t\t\tDescargar PDF\t\t\t\t\t\t\t\t\t<\/a>\n\t\t\t\t\t\t<a href=\"https:\/\/smartmob.irunhondarribiahendaye.com\/wp-content\/uploads\/2024\/11\/Hondarribia-plano-2013.pdf\" target=\"_blank\" aria-label=\"Hondarribia\">\n\t\t\t\t\t\t\t<img decoding=\"async\" src=\"https:\/\/smartmob.irunhondarribiahendaye.com\/wp-content\/uploads\/2024\/11\/imagen-mapa-hondarribia.jpg\" alt=\"imagen-mapa-hondarribia\" width=\"600\" height=\"429\" \/>\n\t\t\t\t\t\t<\/a>\n\t\t\tCallejero oficial\n\t\t<h4>Hondarribia<\/h4>\n\t\t\t\t<a href=\"https:\/\/smartmob.irunhondarribiahendaye.com\/wp-content\/uploads\/2024\/11\/Hondarribia-plano-2013.pdf\" role=\"button\" target=\"_blank\">\n\t\t\t\t\t\t\t\t\t\tDescargar PDF\t\t\t\t\t\t\t\t\t<\/a>\n\t\t\t\t\t\t<a href=\"https:\/\/smartmob.irunhondarribiahendaye.com\/wp-content\/uploads\/2024\/11\/Plan-de-ville-2024-Hendaye-Tourisme.pdf\" target=\"_blank\" aria-label=\"Hendaya\">\n\t\t\t\t\t\t\t<img decoding=\"async\" src=\"https:\/\/smartmob.irunhondarribiahendaye.com\/wp-content\/uploads\/2024\/11\/imagen-mapa-hendaia.jpg\" alt=\"imagen-mapa-hendaia\" width=\"600\" height=\"429\" \/>\n\t\t\t\t\t\t<\/a>\n\t\t\tCallejero oficial\n\t\t<h4>Hendaya<\/h4>\n\t\t\t\t<a href=\"https:\/\/smartmob.irunhondarribiahendaye.com\/wp-content\/uploads\/2024\/11\/Plan-de-ville-2024-Hendaye-Tourisme.pdf\" role=\"button\" target=\"_blank\">\n\t\t\t\t\t\t\t\t\t\tDescargar PDF\t\t\t\t\t\t\t\t\t<\/a>\n\t\t\t\t\t\t<a href=\"https:\/\/www.irun.org\/es\/movilidad-sostenible\" target=\"_blank\" aria-label=\"en Irun\">\n\t\t\t\t\t\t\t<img decoding=\"async\" src=\"https:\/\/smartmob.irunhondarribiahendaye.com\/wp-content\/uploads\/2022\/03\/movilidad-irun.jpg\" alt=\"movilidad-irun\" width=\"600\" height=\"875\" \/>\n\t\t\t\t\t\t<\/a>\n\t\t\t\t\tMovilidad sostenible\n\t\t<h4>en Irun<\/h4>\n\t\t\t\t\t<p>Accede al portal de la movilidad sostenible de Irun<\/p>\t\t\t\t\n\t\t\t\t<a href=\"https:\/\/www.irun.org\/es\/movilidad-sostenible\" role=\"button\" target=\"_blank\">\n\t\t\t\t\t\t\t\t\t\tVisitar web\t\t\t\t\t\t\t\t\t<\/a>\n\t\t\t\t\t\t<a href=\"https:\/\/www.saintjeandeluz.fr\/fr\/vie-quotidienne\/mobilite-et-stationnement\/\" target=\"_blank\" aria-label=\"en San Juan de Luz\">\n\t\t\t\t\t\t\t<img decoding=\"async\" src=\"https:\/\/smartmob.irunhondarribiahendaye.com\/wp-content\/uploads\/2022\/03\/movilidad-san-juan-de-luz.jpg\" alt=\"movilidad-san-juan-de-luz\" width=\"600\" height=\"875\" \/>\n\t\t\t\t\t\t<\/a>\n\t\t\t\t\tMovilidad\n\t\t<h4>en San Juan de Luz<\/h4>\n\t\t\t\t\t<p>Accede al portal de la movilidad de San Juan de Luz<\/p>\t\t\t\t\n\t\t\t\t<a href=\"https:\/\/www.saintjeandeluz.fr\/fr\/vie-quotidienne\/mobilite-et-stationnement\/\" role=\"button\" target=\"_blank\">\n\t\t\t\t\t\t\t\t\t\tVisitar web\t\t\t\t\t\t\t\t\t<\/a>\n\n","protected":false},"excerpt":{"rendered":"<p>Documentos de informaci\u00f3n complementaria La movilidad transfronteriza es un campo que est\u00e1 evolucionando r\u00e1pidamente desde hace algunos a\u00f1os. Te pondremos aqu\u00ed documentos descargables y enlaces hacia sitios Web de inter\u00e9s para tener una mejor comprensi\u00f3n de las redes existentes y de las normativas vigentes que puedan servirte en el presente y en el futuro. Mapa&hellip;<\/p>\n","protected":false},"author":1,"featured_media":0,"parent":226,"menu_order":0,"comment_status":"closed","ping_status":"closed","template":"","meta":{"footnotes":""},"class_list":["post-766","page","type-page","status-publish","hentry"],"_links":{"self":[{"href":"https:\/\/smartmob.irunhondarribiahendaye.com\/fr\/wp-json\/wp\/v2\/pages\/766","targetHints":{"allow":["GET"]}}],"collection":[{"href":"https:\/\/smartmob.irunhondarribiahendaye.com\/fr\/wp-json\/wp\/v2\/pages"}],"about":[{"href":"https:\/\/smartmob.irunhondarribiahendaye.com\/fr\/wp-json\/wp\/v2\/types\/page"}],"author":[{"embeddable":true,"href":"https:\/\/smartmob.irunhondarribiahendaye.com\/fr\/wp-json\/wp\/v2\/users\/1"}],"replies":[{"embeddable":true,"href":"https:\/\/smartmob.irunhondarribiahendaye.com\/fr\/wp-json\/wp\/v2\/comments?post=766"}],"version-history":[{"count":1,"href":"https:\/\/smartmob.irunhondarribiahendaye.com\/fr\/wp-json\/wp\/v2\/pages\/766\/revisions"}],"predecessor-version":[{"id":1727,"href":"https:\/\/smartmob.irunhondarribiahendaye.com\/fr\/wp-json\/wp\/v2\/pages\/766\/revisions\/1727"}],"up":[{"embeddable":true,"href":"https:\/\/smartmob.irunhondarribiahendaye.com\/fr\/wp-json\/wp\/v2\/pages\/226"}],"wp:attachment":[{"href":"https:\/\/smartmob.irunhondarribiahendaye.com\/fr\/wp-json\/wp\/v2\/media?parent=766"}],"curies":[{"name":"wp","href":"https:\/\/api.w.org\/{rel}","templated":true}]}}