{"id":763,"date":"2021-11-27T09:18:33","date_gmt":"2021-11-27T08:18:33","guid":{"rendered":"https:\/\/smartmob.irunhondarribiahendaye.com\/consorcio-transfrontalier-bidasoa-txingudi\/calcule-ton-itineraire\/"},"modified":"2026-04-08T09:56:33","modified_gmt":"2026-04-08T07:56:33","slug":"calcule-ton-itineraire","status":"publish","type":"page","link":"https:\/\/smartmob.irunhondarribiahendaye.com\/fr\/consorcio-transfrontalier-bidasoa-txingudi\/calcule-ton-itineraire\/","title":{"rendered":"Calculez ton itin\u00e9raire"},"content":{"rendered":"\n\n\t\t<h2>\n\t\t\tCalcula tu itinerario con Transfermuga\n\t\t<\/h2>\n\t\t\t<p>La Eurorregi\u00f3n Nueva-Aquitania Euskadi Navarra pone a disposici\u00f3n de la ciudadan\u00eda transfronteriza un calculador de itinerarios en su plataforma Transfermuga. Esta herramienta que te ofrecemos aqu\u00ed integra todas las redes existentes en la Regi\u00f3n de Nueva Aquitania y las Comunidades Aut\u00f3nomas de Euskadi y Navarra. De esta forma, puedes organizar tus trayectos transfronterizos con mayor facilidad. El proyecto TRANSFERMUGA-RREKIN est\u00e1 cofinanciado por el Fondo Europeo de Desarrollo Regional a trav\u00e9s del programa Interreg V-A POCTEFA 2014-2020.\u00a0<a href=\"https:\/\/www.transfermuga.eu\/\" target=\"_blank\" rel=\"noopener\">+informaci\u00f3n<\/a><\/p>\t\t\n\t<!-- CODE IFRAME A INTEGRER DANS SITE PARTENAIRES --> <iframe id=\"journey_iframe\" allow=\"geolocation\" allowfullscreen=\"false\" allowpaymentrequest=\"false\" height=\"800px\" loading=\"lazy\" name=\"transfermuga\" samesite=\"None\" src=\"https:\/\/www.transfermuga.eu\/es\/marque-grise-de-redirection\/\" style=\"border: 0\" title=\"Trouver un itin\u00e9raire\" width=\"100%\">\n<\/iframe> <!-- -->\n\n","protected":false},"excerpt":{"rendered":"<p>Calcula tu itinerario con Transfermuga La Eurorregi\u00f3n Nueva-Aquitania Euskadi Navarra pone a disposici\u00f3n de la ciudadan\u00eda transfronteriza un calculador de itinerarios en su plataforma Transfermuga. Esta herramienta que te ofrecemos aqu\u00ed integra todas las redes existentes en la Regi\u00f3n de Nueva Aquitania y las Comunidades Aut\u00f3nomas de Euskadi y Navarra. De esta forma, puedes organizar&hellip;<\/p>\n","protected":false},"author":1,"featured_media":0,"parent":226,"menu_order":0,"comment_status":"closed","ping_status":"closed","template":"","meta":{"footnotes":""},"class_list":["post-763","page","type-page","status-publish","hentry"],"_links":{"self":[{"href":"https:\/\/smartmob.irunhondarribiahendaye.com\/fr\/wp-json\/wp\/v2\/pages\/763","targetHints":{"allow":["GET"]}}],"collection":[{"href":"https:\/\/smartmob.irunhondarribiahendaye.com\/fr\/wp-json\/wp\/v2\/pages"}],"about":[{"href":"https:\/\/smartmob.irunhondarribiahendaye.com\/fr\/wp-json\/wp\/v2\/types\/page"}],"author":[{"embeddable":true,"href":"https:\/\/smartmob.irunhondarribiahendaye.com\/fr\/wp-json\/wp\/v2\/users\/1"}],"replies":[{"embeddable":true,"href":"https:\/\/smartmob.irunhondarribiahendaye.com\/fr\/wp-json\/wp\/v2\/comments?post=763"}],"version-history":[{"count":1,"href":"https:\/\/smartmob.irunhondarribiahendaye.com\/fr\/wp-json\/wp\/v2\/pages\/763\/revisions"}],"predecessor-version":[{"id":1725,"href":"https:\/\/smartmob.irunhondarribiahendaye.com\/fr\/wp-json\/wp\/v2\/pages\/763\/revisions\/1725"}],"up":[{"embeddable":true,"href":"https:\/\/smartmob.irunhondarribiahendaye.com\/fr\/wp-json\/wp\/v2\/pages\/226"}],"wp:attachment":[{"href":"https:\/\/smartmob.irunhondarribiahendaye.com\/fr\/wp-json\/wp\/v2\/media?parent=763"}],"curies":[{"name":"wp","href":"https:\/\/api.w.org\/{rel}","templated":true}]}}