{"id":756,"date":"2022-02-01T08:43:01","date_gmt":"2022-02-01T07:43:01","guid":{"rendered":"https:\/\/smartmob.irunhondarribiahendaye.com\/consorcio-transfrontalier-bidasoa-txingudi\/contact\/"},"modified":"2024-11-06T09:05:36","modified_gmt":"2024-11-06T08:05:36","slug":"contact","status":"publish","type":"page","link":"https:\/\/smartmob.irunhondarribiahendaye.com\/fr\/consorcio-transfrontalier-bidasoa-txingudi\/contact\/","title":{"rendered":"Messagerie Consorcio Transfrontalier Bidasoa Txingudi"},"content":{"rendered":"\n<p>Pour nous poser une question ou nous faire une suggestion, vous pouvez nous envoyer un courrier \u00e9lectronique \u00e0 l&rsquo;adresse suivante,<\/p>\n\n\n\n<div style=\"text-align: center;\"> <a href=\"mailto:consorcio@bidasoa-activa.com?subject=Messagerie\"style=\"color: blue; font-style: italic;\">consorcio@bidasoa-activa.com<\/a> <\/div> <br>\n\n\n\n<a href=\"#\" onclick=\"document.getElementById('texto-oculto').style.display='block'; return false;\">\u00ab\u00a0Informations sur la protection des donn\u00e9es personnelles\u00a0\u00bb<\/a>\n<div id=\"texto-oculto\" style=\"display: none; margin-top: 10px;\"> <b>\nResponsable: <\/b> CONSORCIO TRANSFRONTALIER BIDASOA TXINGUDI,, qui d\u00e9l\u00e8gue \u00e0 l&rsquo;Agence de d\u00e9veloppement de la Bidassoa &#8211; Bidasoa Activa l&rsquo;exercice des comp\u00e9tences publiques. <b> Finalit\u00e9:  <\/b> Gestion de la communication avec les personnes pr\u00e9sentant un int\u00e9r\u00eat pour l\u2019organisation dans les secteurs public et priv\u00e9.<b> Droits et informations compl\u00e9mentaires: <\/b> Vous pouvez exercer vos droits concernant le traitement de vos donn\u00e9es et obtenir de plus amples informations sur le traitement de vos donn\u00e9es sur le portail de confidentialit\u00e9 de notre site web <a href=\" https:\/\/smartmob.irunhondarribiahendaye.com\/fr\/politique-de-confidentialite\/ \"><i>www.smartmob.irunhondarribiahendaye.com<\/i><\/a>.\n<\/div>\n\n\n\n<p><\/p>\n","protected":false},"excerpt":{"rendered":"<p>Pour nous poser une question ou nous faire une suggestion, vous pouvez nous envoyer un courrier \u00e9lectronique \u00e0 l&rsquo;adresse suivante, consorcio@bidasoa-activa.com \u00ab\u00a0Informations sur la protection des donn\u00e9es personnelles\u00a0\u00bb Responsable: CONSORCIO TRANSFRONTALIER BIDASOA TXINGUDI,, qui d\u00e9l\u00e8gue \u00e0 l&rsquo;Agence de d\u00e9veloppement de la Bidassoa &#8211; Bidasoa Activa l&rsquo;exercice des comp\u00e9tences publiques. Finalit\u00e9: Gestion de la communication avec&hellip;<\/p>\n","protected":false},"author":1,"featured_media":0,"parent":226,"menu_order":0,"comment_status":"closed","ping_status":"closed","template":"","meta":{"footnotes":""},"class_list":["post-756","page","type-page","status-publish","hentry"],"_links":{"self":[{"href":"https:\/\/smartmob.irunhondarribiahendaye.com\/fr\/wp-json\/wp\/v2\/pages\/756","targetHints":{"allow":["GET"]}}],"collection":[{"href":"https:\/\/smartmob.irunhondarribiahendaye.com\/fr\/wp-json\/wp\/v2\/pages"}],"about":[{"href":"https:\/\/smartmob.irunhondarribiahendaye.com\/fr\/wp-json\/wp\/v2\/types\/page"}],"author":[{"embeddable":true,"href":"https:\/\/smartmob.irunhondarribiahendaye.com\/fr\/wp-json\/wp\/v2\/users\/1"}],"replies":[{"embeddable":true,"href":"https:\/\/smartmob.irunhondarribiahendaye.com\/fr\/wp-json\/wp\/v2\/comments?post=756"}],"version-history":[{"count":0,"href":"https:\/\/smartmob.irunhondarribiahendaye.com\/fr\/wp-json\/wp\/v2\/pages\/756\/revisions"}],"up":[{"embeddable":true,"href":"https:\/\/smartmob.irunhondarribiahendaye.com\/fr\/wp-json\/wp\/v2\/pages\/226"}],"wp:attachment":[{"href":"https:\/\/smartmob.irunhondarribiahendaye.com\/fr\/wp-json\/wp\/v2\/media?parent=756"}],"curies":[{"name":"wp","href":"https:\/\/api.w.org\/{rel}","templated":true}]}}