{"id":728,"date":"2021-11-27T09:24:13","date_gmt":"2021-11-27T08:24:13","guid":{"rendered":"https:\/\/smartmob.irunhondarribiahendaye.com\/politique-de-confidentialite\/"},"modified":"2024-11-05T08:57:54","modified_gmt":"2024-11-05T07:57:54","slug":"politique-de-confidentialite","status":"publish","type":"page","link":"https:\/\/smartmob.irunhondarribiahendaye.com\/fr\/politique-de-confidentialite\/","title":{"rendered":"Politique de confidentialit\u00e9"},"content":{"rendered":"\n<figure class=\"wp-block-table is-style-stripes\"><table class=\"has-fixed-layout\"><tbody><tr><td colspan=\"2\"><strong>POLITIQUE DE CONFIDENTIALIT\u00c9 CONCERNANT LES CONTACTS<\/strong><\/td><\/tr><tr><td><strong>Responsable du traitement<\/strong><\/td><td><strong>Qui est responsable du traitement de vos donn\u00e9es ?<\/strong> CONSORCIO TRANSFRONTALIER BIDASOA TXINGUDI.<\/td><\/tr><tr><td><strong>Charg\u00e9 du traitement<\/strong><\/td><td><strong>Qui est en charge du traitement de vos donn\u00e9es \u00e0 caract\u00e8re personnel ?<\/strong> AGENCIA DE DESARROLLO DEL BIDASOA S.A.-BIDASOA ACTIVA. CIF : A20421053. Adresse postale pour l&rsquo;exercice des droits relatifs au traitement des donn\u00e9es \u00e0 caract\u00e8re personnel : Hendaia, 8 \u2013 Palacio Ducoureau &#8211; 20301 Irun (Gipuzkoa). Adresse \u00e9lectronique pour l&rsquo;exercice des droits li\u00e9s au traitement des donn\u00e9es \u00e0 caract\u00e8re personnel : <a href=\"mailto:responsablelopd@bidasoa-activa.com\">responsablelopd@bidasoa-activa.com<\/a><\/td><\/tr><tr><td><strong>Objectif<\/strong><\/td><td><strong>Pourquoi traitons-nous vos donn\u00e9es<\/strong> <strong>\u00e0 caract\u00e8re personnel ?<\/strong> Gestion de la communication avec les personnes pr\u00e9sentant un int\u00e9r\u00eat pour l&rsquo;organisation dans les secteurs public et priv\u00e9.<\/td><\/tr><tr><td><strong>L\u00e9gitimit\u00e9<\/strong><\/td><td><strong>Quelle est la l\u00e9gitimit\u00e9 du traitement de vos donn\u00e9es<\/strong> <strong>\u00e0 caract\u00e8re personnel ?<\/strong> Int\u00e9r\u00eat l\u00e9gitime pour l&rsquo;envoi d&rsquo;informations informatives sur l&rsquo;activit\u00e9, les ressources et les services : art. 6.1.f) du R\u00e8glement (UE) 679\/2016, Protection G\u00e9n\u00e9rale des Donn\u00e9es.<\/td><\/tr><tr><td><strong>Destinataires<\/strong><\/td><td><strong>Dans quels cas communiquons-nous vos donn\u00e9es \u00e0 caract\u00e8re personnel ?<\/strong> Les donn\u00e9es personnelles ne seront pas transf\u00e9r\u00e9es \u00e0 des tiers ou \u00e0 des organisations, sauf si cela est n\u00e9cessaire pour le respect des obligations l\u00e9galement \u00e9tablies. art. 6.1.c) du R\u00e8glement (UE) 679\/2016, Protection G\u00e9n\u00e9rale des Donn\u00e9es.<\/td><\/tr><tr><td><strong>Transmissions internationalles<\/strong><\/td><td><strong>Dans quels cas sont-elles effectu\u00e9es ?<\/strong> La gestion des donn\u00e9es n&rsquo;implique pas de transmissions internationalles desdites donn\u00e9es.<\/td><\/tr><tr><td><strong>Conservation <\/strong><strong><\/strong><\/td><td><strong>Combien de temps conservons-nous vos donn\u00e9es \u00e0 caract\u00e8re personnel ?<\/strong> Les donn\u00e9es \u00e0 caract\u00e8re personnel seront conserv\u00e9es jusqu&rsquo;\u00e0 ce que la personne concern\u00e9e exprime son opposition ou l&rsquo;annulation de ce traitement de donn\u00e9es, ainsi qu&rsquo;en cas de changement du statut de la personne en tant qu&rsquo;agent public ou repr\u00e9sentant d&rsquo;organisations publiques et priv\u00e9es.<\/td><\/tr><tr><td><strong>Droits<\/strong><\/td><td><strong>Quels sont vos droits lorsque vous nous fournissez vos donn\u00e9es \u00e0 caract\u00e8re personnel ?<\/strong> Les personnes int\u00e9ress\u00e9es peuvent exercer leurs droits d&rsquo;acc\u00e8s, de rectification, de suppression, d&rsquo;opposition, de portabilit\u00e9 et de limitation du traitement, et peuvent adresser leur demande \u00e0 cet effet \u00e0 BIDASOA ACTIVA via l&rsquo;adresse postale ou \u00e9lectronique indiqu\u00e9e dans la rubrique identification de l&rsquo;organisme. Si la personne estime que ses droits n&rsquo;ont pas \u00e9t\u00e9 d\u00fbment respect\u00e9s, elle a le droit de d\u00e9poser une r\u00e9clamation aupr\u00e8s de l&rsquo;Autorit\u00e9 Basque de Protection de Donn\u00e9es.<\/td><\/tr><tr><td><strong>S\u00e9curit\u00e9<\/strong> &nbsp;<\/td><td><strong>Comment les donn\u00e9es <\/strong><strong>\u00e0 caract\u00e8re personnel sont s\u00e9curis\u00e9es ?<\/strong> &nbsp; Les donn\u00e9es seront trait\u00e9es de mani\u00e8re confidentielle et soumises \u00e0 des mesures de s\u00e9curit\u00e9 techniques et organisationnelles appropri\u00e9es pour emp\u00eacher leur alt\u00e9ration, perte, traitement ou acc\u00e8s non autoris\u00e9.<\/td><\/tr><\/tbody><\/table><\/figure>\n\n\n\n<p><\/p>\n","protected":false},"excerpt":{"rendered":"<p>POLITIQUE DE CONFIDENTIALIT\u00c9 CONCERNANT LES CONTACTS Responsable du traitement Qui est responsable du traitement de vos donn\u00e9es ? CONSORCIO TRANSFRONTALIER BIDASOA TXINGUDI. Charg\u00e9 du traitement Qui est en charge du traitement de vos donn\u00e9es \u00e0 caract\u00e8re personnel ? AGENCIA DE DESARROLLO DEL BIDASOA S.A.-BIDASOA ACTIVA. CIF : A20421053. Adresse postale pour l&rsquo;exercice des droits relatifs&hellip;<\/p>\n","protected":false},"author":1,"featured_media":0,"parent":0,"menu_order":0,"comment_status":"closed","ping_status":"closed","template":"","meta":{"footnotes":""},"class_list":["post-728","page","type-page","status-publish","hentry"],"_links":{"self":[{"href":"https:\/\/smartmob.irunhondarribiahendaye.com\/fr\/wp-json\/wp\/v2\/pages\/728","targetHints":{"allow":["GET"]}}],"collection":[{"href":"https:\/\/smartmob.irunhondarribiahendaye.com\/fr\/wp-json\/wp\/v2\/pages"}],"about":[{"href":"https:\/\/smartmob.irunhondarribiahendaye.com\/fr\/wp-json\/wp\/v2\/types\/page"}],"author":[{"embeddable":true,"href":"https:\/\/smartmob.irunhondarribiahendaye.com\/fr\/wp-json\/wp\/v2\/users\/1"}],"replies":[{"embeddable":true,"href":"https:\/\/smartmob.irunhondarribiahendaye.com\/fr\/wp-json\/wp\/v2\/comments?post=728"}],"version-history":[{"count":0,"href":"https:\/\/smartmob.irunhondarribiahendaye.com\/fr\/wp-json\/wp\/v2\/pages\/728\/revisions"}],"wp:attachment":[{"href":"https:\/\/smartmob.irunhondarribiahendaye.com\/fr\/wp-json\/wp\/v2\/media?parent=728"}],"curies":[{"name":"wp","href":"https:\/\/api.w.org\/{rel}","templated":true}]}}