{"id":226,"date":"2021-11-22T16:53:27","date_gmt":"2021-11-22T15:53:27","guid":{"rendered":"https:\/\/smartmob.irunhondarribiahendaye.com\/consorcio-transfrontalier-bidasoa-txingudi\/"},"modified":"2026-04-08T09:56:33","modified_gmt":"2026-04-08T07:56:33","slug":"consorcio-transfrontalier-bidasoa-txingudi","status":"publish","type":"page","link":"https:\/\/smartmob.irunhondarribiahendaye.com\/fr\/","title":{"rendered":"Mobilit\u00e9 transfrontali\u00e8re Bidasoa Txingudi &#8211; Sud Pays Basque"},"content":{"rendered":"\n\n\t\t\t<div class=\"fl-builder-content fl-builder-content-453 fl-builder-template fl-builder-row-template fl-builder-global-templates-locked\" data-post-id=\"453\"><div class=\"fl-row fl-row-full-width fl-row-bg-none fl-node-1wf2o3mcbarz fl-row-default-height fl-row-align-center\" data-node=\"1wf2o3mcbarz\">\n\t<div class=\"fl-row-content-wrap\">\n\t\t<div class=\"uabb-row-separator uabb-top-row-separator\" >\n<\/div>\n\t\t\t\t\t\t<div class=\"fl-row-content fl-row-fixed-width fl-node-content\">\n\t\t\n<div class=\"fl-col-group fl-node-ftepynsvbwcr\" data-node=\"ftepynsvbwcr\">\n\t\t\t<div class=\"fl-col fl-node-d9jcq67h81z4 fl-col-bg-color\" data-node=\"d9jcq67h81z4\">\n\t<div class=\"fl-col-content fl-node-content\"><div class=\"fl-module fl-module-photo fl-node-gkpwb9r1jay8\" data-node=\"gkpwb9r1jay8\">\n\t<div class=\"fl-module-content fl-node-content\">\n\t\t<div role=\"figure\" class=\"fl-photo fl-photo-align-center\" itemscope itemtype=\"https:\/\/schema.org\/ImageObject\">\n\t<div class=\"fl-photo-content fl-photo-img-jpg\">\n\t\t\t\t<img decoding=\"async\" class=\"fl-photo-img wp-image-1619 size-full\" src=\"https:\/\/smartmob.irunhondarribiahendaye.com\/wp-content\/uploads\/2022\/02\/MapaTxingudi-lineas-modal.jpg\" alt=\"Mapa de txingudi - lineas de transporte\" height=\"1000\" width=\"1400\" title=\"MapaTxingudi-lineas-modal\"  itemprop=\"image\" srcset=\"https:\/\/smartmob.irunhondarribiahendaye.com\/wp-content\/uploads\/2022\/02\/MapaTxingudi-lineas-modal.jpg 1400w, https:\/\/smartmob.irunhondarribiahendaye.com\/wp-content\/uploads\/2022\/02\/MapaTxingudi-lineas-modal-300x214.jpg 300w, https:\/\/smartmob.irunhondarribiahendaye.com\/wp-content\/uploads\/2022\/02\/MapaTxingudi-lineas-modal-1024x731.jpg 1024w, https:\/\/smartmob.irunhondarribiahendaye.com\/wp-content\/uploads\/2022\/02\/MapaTxingudi-lineas-modal-768x549.jpg 768w\" sizes=\"(max-width: 1400px) 100vw, 1400px\" \/>\n\t\t\t\t\t<\/div>\n\t<\/div>\n\t<\/div>\n<\/div>\n<\/div>\n<\/div>\n\t<\/div>\n\t\t<\/div>\n\t<\/div>\n<\/div>\n<\/div><div class=\"uabb-js-breakpoint\" style=\"display: none;\"><\/div>\t\t\t\n\t\t<img decoding=\"async\" src=\"https:\/\/smartmob.irunhondarribiahendaye.com\/wp-content\/uploads\/2025\/05\/mapa-portada-txingudi.jpg\" alt=\"\"\/>\n\t\t<h2>\n\t\t\tTe damos la bienvenida al portal de movilidad transfronteriza\n\t\t<\/h2>\n\t\t\t<p>Moverse entre ambos lados del Bidasoa nunca ha sido tan f\u00e1cil. El Consorcio Transfronterizo Bidasoa-Txingudi (Irun, Hondarribia, Hendaye), en colaboraci\u00f3n con el Syndicat des Mobilit\u00e9s Pays Basque Adour y la Euroregi\u00f3n Nueva Aquitania &#8211; Euskadi &#8211; Navarra, te ofrece la informaci\u00f3n m\u00e1s actualizada para orientarte.<\/p>\t\t\n\n","protected":false},"excerpt":{"rendered":"<p>Te damos la bienvenida al portal de movilidad transfronteriza Moverse entre ambos lados del Bidasoa nunca ha sido tan f\u00e1cil. El Consorcio Transfronterizo Bidasoa-Txingudi (Irun, Hondarribia, Hendaye), en colaboraci\u00f3n con el Syndicat des Mobilit\u00e9s Pays Basque Adour y la Euroregi\u00f3n Nueva Aquitania &#8211; Euskadi &#8211; Navarra, te ofrece la informaci\u00f3n m\u00e1s actualizada para orientarte.<\/p>\n","protected":false},"author":1,"featured_media":0,"parent":0,"menu_order":0,"comment_status":"closed","ping_status":"closed","template":"","meta":{"footnotes":""},"class_list":["post-226","page","type-page","status-publish","hentry"],"_links":{"self":[{"href":"https:\/\/smartmob.irunhondarribiahendaye.com\/fr\/wp-json\/wp\/v2\/pages\/226","targetHints":{"allow":["GET"]}}],"collection":[{"href":"https:\/\/smartmob.irunhondarribiahendaye.com\/fr\/wp-json\/wp\/v2\/pages"}],"about":[{"href":"https:\/\/smartmob.irunhondarribiahendaye.com\/fr\/wp-json\/wp\/v2\/types\/page"}],"author":[{"embeddable":true,"href":"https:\/\/smartmob.irunhondarribiahendaye.com\/fr\/wp-json\/wp\/v2\/users\/1"}],"replies":[{"embeddable":true,"href":"https:\/\/smartmob.irunhondarribiahendaye.com\/fr\/wp-json\/wp\/v2\/comments?post=226"}],"version-history":[{"count":2,"href":"https:\/\/smartmob.irunhondarribiahendaye.com\/fr\/wp-json\/wp\/v2\/pages\/226\/revisions"}],"predecessor-version":[{"id":1723,"href":"https:\/\/smartmob.irunhondarribiahendaye.com\/fr\/wp-json\/wp\/v2\/pages\/226\/revisions\/1723"}],"wp:attachment":[{"href":"https:\/\/smartmob.irunhondarribiahendaye.com\/fr\/wp-json\/wp\/v2\/media?parent=226"}],"curies":[{"name":"wp","href":"https:\/\/api.w.org\/{rel}","templated":true}]}}