{"id":1132,"date":"2022-03-28T06:10:32","date_gmt":"2022-03-28T04:10:32","guid":{"rendered":"https:\/\/smartmob.irunhondarribiahendaye.com\/politique-de-cookies\/"},"modified":"2024-11-05T16:42:49","modified_gmt":"2024-11-05T15:42:49","slug":"politique-de-cookies","status":"publish","type":"page","link":"https:\/\/smartmob.irunhondarribiahendaye.com\/fr\/politique-de-cookies\/","title":{"rendered":"Politique de cookies"},"content":{"rendered":"\n<p><strong>Qu\u2019est-ce que les cookies?<\/strong><\/p>\n\n\n\n<p>Les cookies sont des petits fichiers de texte stock\u00e9s sur votre ordinateur lorsque vous consultez un site web.<\/p>\n\n\n\n<p>Il ne s\u2019agit pas de virus malveillants mais d\u2019outils remplissant un r\u00f4le essentiel pour la prestation de nombreux services sur Internet. Entre autres, ils permettent de conna\u00eetre votre choix de langue pour naviguer sur le web, de recueillir des statistiques pour optimiser la fonctionnalit\u00e9 du site et vous permettent de partager nos contenus dans vos r\u00e9seaux sociaux.<\/p>\n\n\n\n<p><strong>Quels types de cookies utilise ce site web?<\/strong><\/p>\n\n\n\n<ul class=\"wp-block-list\">\n<li>Cookies techniques. Il s\u2019agit de cookies cr\u00e9\u00e9s et g\u00e9r\u00e9s uniquement par notre entreprise, qui permettent de naviguer sur notre site web et d\u2019utiliser ses diff\u00e9rents services et options.<\/li>\n\n\n\n<li>Cookies d\u2019analyse. Il s\u2019agit de cookies qui sont soigneusement trait\u00e9s par notre entreprise ou par des tiers pour nous permettre de quantifier le nombre d\u2019utilisateurs et de mesurer et d\u2019analyser les statistiques d\u2019utilisation de notre site web.<\/li>\n<\/ul>\n\n\n\n<p><strong>En aucun cas nous n\u2019obtenons de renseignements sur les donn\u00e9es personnelles de l\u2019utilisateur et ce<\/strong>, afin de garantir la confidentialit\u00e9 des personnes qui naviguent sur le web.<\/p>\n\n\n\n<p>Comment d\u00e9sactiver nos cookies (ou les cookies d\u2019autrui)<\/p>\n\n\n\n<p>Bien que la plupart des navigateurs acceptent les cookies de fa\u00e7on automatique, vous pouvez modifier la configuration de votre navigateur pour permettre, bloquer ou \u00e9liminer les cookies install\u00e9s sur votre ordinateur.<\/p>\n\n\n\n<ul class=\"wp-block-list\">\n<li>Comment configurer les cookies sur\u00a0<a href=\"http:\/\/windows.microsoft.com\/es-xl\/internet-explorer\/delete-manage-cookies#ie=ie-11\" target=\"_blank\" rel=\"noreferrer noopener\">Internet Explorer.<\/a><\/li>\n\n\n\n<li>Comment configurer les cookies sur\u00a0<a href=\"https:\/\/support.google.com\/chrome\/answer\/95647?hl=es\">Google Chrome<\/a>.<\/li>\n\n\n\n<li>Comment configurer les cookies sur\u00a0<a href=\"http:\/\/support.mozilla.org\/es\/kb\/habilitar-y-deshabilitar-cookies-que-los-sitios-we\">Firefox<\/a>.<\/li>\n\n\n\n<li>Comment configurer les cookies sur\u00a0<a href=\"http:\/\/www.apple.com\/es\/privacy\/use-of-cookies\/\">Safari<\/a>.<\/li>\n<\/ul>\n\n\n\n<p><strong>Acceptation des presentes conditions<\/strong><\/p>\n\n\n\n<p>Nous consid\u00e9rons que l\u2019utilisateur a lu attentivement ce document et qu\u2019il a compris et suivi nos conseils. Si l\u2019utilisateur n\u2019est pas d\u2019accord avec cette politique de protection des donn\u00e9es, ou avec les conseils que nous y donnons, nous le prions de ne pas utiliser notre site. Nous nous r\u00e9servons le droit de modifier les pr\u00e9sentes conditions d\u2019utilisation en cas de n\u00e9cessit\u00e9.<\/p>\n\n\n\n<p>La poursuite, de la part de l\u2019utilisateur, de l\u2019utilisation de ce site et, \u00e9ventuellement, de nouveaux site concernant le Service de Tourisme de BIDASOA ACTIVA, impliquera leur totale acceptation.<\/p>\n\n\n\n<p>\u00a9 BIDASOA ACTIVA BIDASOA BIZIRIK Tous droits r\u00e9serv\u00e9s.<\/p>\n","protected":false},"excerpt":{"rendered":"<p>Qu\u2019est-ce que les cookies? Les cookies sont des petits fichiers de texte stock\u00e9s sur votre ordinateur lorsque vous consultez un site web. Il ne s\u2019agit pas de virus malveillants mais d\u2019outils remplissant un r\u00f4le essentiel pour la prestation de nombreux services sur Internet. Entre autres, ils permettent de conna\u00eetre votre choix de langue pour naviguer&hellip;<\/p>\n","protected":false},"author":1,"featured_media":0,"parent":0,"menu_order":0,"comment_status":"closed","ping_status":"closed","template":"","meta":{"footnotes":""},"class_list":["post-1132","page","type-page","status-publish","hentry"],"_links":{"self":[{"href":"https:\/\/smartmob.irunhondarribiahendaye.com\/fr\/wp-json\/wp\/v2\/pages\/1132","targetHints":{"allow":["GET"]}}],"collection":[{"href":"https:\/\/smartmob.irunhondarribiahendaye.com\/fr\/wp-json\/wp\/v2\/pages"}],"about":[{"href":"https:\/\/smartmob.irunhondarribiahendaye.com\/fr\/wp-json\/wp\/v2\/types\/page"}],"author":[{"embeddable":true,"href":"https:\/\/smartmob.irunhondarribiahendaye.com\/fr\/wp-json\/wp\/v2\/users\/1"}],"replies":[{"embeddable":true,"href":"https:\/\/smartmob.irunhondarribiahendaye.com\/fr\/wp-json\/wp\/v2\/comments?post=1132"}],"version-history":[{"count":0,"href":"https:\/\/smartmob.irunhondarribiahendaye.com\/fr\/wp-json\/wp\/v2\/pages\/1132\/revisions"}],"wp:attachment":[{"href":"https:\/\/smartmob.irunhondarribiahendaye.com\/fr\/wp-json\/wp\/v2\/media?parent=1132"}],"curies":[{"name":"wp","href":"https:\/\/api.w.org\/{rel}","templated":true}]}}