{"id":811,"date":"2021-11-27T09:16:30","date_gmt":"2021-11-27T08:16:30","guid":{"rendered":"https:\/\/smartmob.irunhondarribiahendaye.com\/bidasoa-txingudi-mugazgaindiko-patzuergoa\/garraio-publikoa\/garraiorako-kontaktuak\/"},"modified":"2026-04-21T13:51:26","modified_gmt":"2026-04-21T11:51:26","slug":"garraiorako-kontaktuak","status":"publish","type":"page","link":"https:\/\/smartmob.irunhondarribiahendaye.com\/eu\/bidasoa-txingudi-mugazgaindiko-patzuergoa\/garraio-publikoa\/garraiorako-kontaktuak\/","title":{"rendered":"Garraiorako Kontaktuak"},"content":{"rendered":"\n\n\t\t<h2>\n\t\t\tLista de contactos de entidades de Transporte P\u00fablico\n\t\t<\/h2>\n\t\t\t<p>Si necesitas m\u00e1s informaci\u00f3n sobre las tarifas aplicadas, compra de billetes u otras l\u00edneas que no hayamos mencionado, le recomendamos entrar en los portales Web de las entidades que operan en nuestro territorio y que te enumeramos aqu\u00ed.<\/p>\t\t\n<figure itemscope itemtype=\"https:\/\/schema.org\/ImageObject\">\n\t\t\t\t<a href=\"https:\/\/www.renfe.com\"  target=\"_blank\" rel=\"noopener\"  itemprop=\"url\">\n\t\t\t\t<img decoding=\"async\" src=\"https:\/\/smartmob.irunhondarribiahendaye.com\/wp-content\/uploads\/2022\/02\/banner-renfe.png\" alt=\"banner-renfe\" height=\"241\" width=\"542\" title=\"banner-renfe\" onerror=\"this.style.display='none'\" loading=\"lazy\" \/>\n\t\t\t\t<\/a>\n\t<\/figure>\n<figure itemscope itemtype=\"https:\/\/schema.org\/ImageObject\">\n\t\t\t\t<a href=\"https:\/\/www.sncf.com\/fr\"  target=\"_blank\" rel=\"noopener\"  itemprop=\"url\">\n\t\t\t\t<img decoding=\"async\" src=\"https:\/\/smartmob.irunhondarribiahendaye.com\/wp-content\/uploads\/2022\/02\/banner-sncf.png\" alt=\"banner-sncf\" height=\"241\" width=\"542\" title=\"banner-sncf\" onerror=\"this.style.display='none'\" loading=\"lazy\" \/>\n\t\t\t\t<\/a>\n\t<\/figure>\n<figure itemscope itemtype=\"https:\/\/schema.org\/ImageObject\">\n\t\t\t\t<a href=\"https:\/\/www.euskotren.eus\"  target=\"_blank\" rel=\"noopener\"  itemprop=\"url\">\n\t\t\t\t<img decoding=\"async\" src=\"https:\/\/smartmob.irunhondarribiahendaye.com\/wp-content\/uploads\/2022\/02\/banner-euskotren.png\" alt=\"banner-euskotren\" height=\"241\" width=\"542\" title=\"banner-euskotren\" onerror=\"this.style.display='none'\" loading=\"lazy\" \/>\n\t\t\t\t<\/a>\n\t<\/figure>\n<figure itemscope itemtype=\"https:\/\/schema.org\/ImageObject\">\n\t\t\t\t<a href=\"https:\/\/www.jolaski.com\"  target=\"_blank\" rel=\"noopener\"  itemprop=\"url\">\n\t\t\t\t<img decoding=\"async\" src=\"https:\/\/smartmob.irunhondarribiahendaye.com\/wp-content\/uploads\/2022\/02\/banner-jolaski.png\" alt=\"banner-jolaski\" height=\"241\" width=\"542\" title=\"banner-jolaski\" onerror=\"this.style.display='none'\" loading=\"lazy\" \/>\n\t\t\t\t<\/a>\n\t<\/figure>\n<figure itemscope itemtype=\"https:\/\/schema.org\/ImageObject\">\n\t\t\t\t<a href=\"https:\/\/www.hendaye-tourisme.fr\/fr\/17098-bateau-marie-louise\/\"  target=\"_blank\" rel=\"noopener\"  itemprop=\"url\">\n\t\t\t\t<img decoding=\"async\" src=\"https:\/\/smartmob.irunhondarribiahendaye.com\/wp-content\/uploads\/2022\/02\/banner-marie-louise.png\" alt=\"banner-marie-louise\" height=\"241\" width=\"542\" title=\"banner-marie-louise\" onerror=\"this.style.display='none'\" loading=\"lazy\" \/>\n\t\t\t\t<\/a>\n\t<\/figure>\n<figure itemscope itemtype=\"https:\/\/schema.org\/ImageObject\">\n\t\t\t\t<a href=\"https:\/\/www.aena.es\"  target=\"_blank\" rel=\"noopener\"  itemprop=\"url\">\n\t\t\t\t<img decoding=\"async\" src=\"https:\/\/smartmob.irunhondarribiahendaye.com\/wp-content\/uploads\/2022\/02\/banner-aena.png\" alt=\"banner-aena\" height=\"241\" width=\"542\" title=\"banner-aena\" onerror=\"this.style.display='none'\" loading=\"lazy\" \/>\n\t\t\t\t<\/a>\n\t<\/figure>\n<figure itemscope itemtype=\"https:\/\/schema.org\/ImageObject\">\n\t\t\t\t<a href=\"https:\/\/www.auif.es\"  target=\"_blank\" rel=\"noopener\"  itemprop=\"url\">\n\t\t\t\t<img decoding=\"async\" src=\"https:\/\/smartmob.irunhondarribiahendaye.com\/wp-content\/uploads\/2022\/02\/banner-irun-bus.png\" alt=\"banner-irun-bus\" height=\"249\" width=\"542\" title=\"banner-irun-bus\" onerror=\"this.style.display='none'\" loading=\"lazy\" \/>\n\t\t\t\t<\/a>\n\t<\/figure>\n<figure itemscope itemtype=\"https:\/\/schema.org\/ImageObject\">\n\t\t\t\t<a href=\"https:\/\/www.lurraldebus.eus\"  target=\"_blank\" rel=\"noopener\"  itemprop=\"url\">\n\t\t\t\t<img decoding=\"async\" src=\"https:\/\/smartmob.irunhondarribiahendaye.com\/wp-content\/uploads\/2022\/02\/banner-lurraldebus.png\" alt=\"banner-lurraldebus\" height=\"249\" width=\"542\" title=\"banner-lurraldebus\" onerror=\"this.style.display='none'\" loading=\"lazy\" \/>\n\t\t\t\t<\/a>\n\t<\/figure>\n<figure itemscope itemtype=\"https:\/\/schema.org\/ImageObject\">\n\t\t\t\t<a href=\"https:\/\/www.txiktxak.fr\"  target=\"_blank\" rel=\"noopener\"  itemprop=\"url\">\n\t\t\t\t<img decoding=\"async\" src=\"https:\/\/smartmob.irunhondarribiahendaye.com\/wp-content\/uploads\/2025\/02\/banner-txik-txak-contacto.png\" alt=\"banner-txik-txak-contacto\" height=\"249\" width=\"542\" title=\"banner-txik-txak-contacto\" onerror=\"this.style.display='none'\" loading=\"lazy\" \/>\n\t\t\t\t<\/a>\n\t<\/figure>\n<figure itemscope itemtype=\"https:\/\/schema.org\/ImageObject\">\n\t\t\t\t<a href=\"https:\/\/www.hondarribia.eus\/es\/hiribusa\/\"  target=\"_blank\" rel=\"noopener\"  itemprop=\"url\">\n\t\t\t\t<img decoding=\"async\" src=\"https:\/\/smartmob.irunhondarribiahendaye.com\/wp-content\/uploads\/2026\/02\/banner-hondarribiko-hiribusa.png\" alt=\"banner-hondarribiko-hiribusa\" height=\"241\" width=\"542\" title=\"banner-hondarribiko-hiribusa\" onerror=\"this.style.display='none'\" loading=\"lazy\" \/>\n\t\t\t\t<\/a>\n\t<\/figure>\n\n","protected":false},"excerpt":{"rendered":"<p>Lista de contactos de entidades de Transporte P\u00fablico Si necesitas m\u00e1s informaci\u00f3n sobre las tarifas aplicadas, compra de billetes u otras l\u00edneas que no hayamos mencionado, le recomendamos entrar en los portales Web de las entidades que operan en nuestro territorio y que te enumeramos aqu\u00ed.<\/p>\n","protected":false},"author":1,"featured_media":0,"parent":807,"menu_order":0,"comment_status":"closed","ping_status":"closed","template":"","meta":{"footnotes":""},"class_list":["post-811","page","type-page","status-publish","hentry"],"_links":{"self":[{"href":"https:\/\/smartmob.irunhondarribiahendaye.com\/eu\/wp-json\/wp\/v2\/pages\/811","targetHints":{"allow":["GET"]}}],"collection":[{"href":"https:\/\/smartmob.irunhondarribiahendaye.com\/eu\/wp-json\/wp\/v2\/pages"}],"about":[{"href":"https:\/\/smartmob.irunhondarribiahendaye.com\/eu\/wp-json\/wp\/v2\/types\/page"}],"author":[{"embeddable":true,"href":"https:\/\/smartmob.irunhondarribiahendaye.com\/eu\/wp-json\/wp\/v2\/users\/1"}],"replies":[{"embeddable":true,"href":"https:\/\/smartmob.irunhondarribiahendaye.com\/eu\/wp-json\/wp\/v2\/comments?post=811"}],"version-history":[{"count":2,"href":"https:\/\/smartmob.irunhondarribiahendaye.com\/eu\/wp-json\/wp\/v2\/pages\/811\/revisions"}],"predecessor-version":[{"id":1731,"href":"https:\/\/smartmob.irunhondarribiahendaye.com\/eu\/wp-json\/wp\/v2\/pages\/811\/revisions\/1731"}],"up":[{"embeddable":true,"href":"https:\/\/smartmob.irunhondarribiahendaye.com\/eu\/wp-json\/wp\/v2\/pages\/807"}],"wp:attachment":[{"href":"https:\/\/smartmob.irunhondarribiahendaye.com\/eu\/wp-json\/wp\/v2\/media?parent=811"}],"curies":[{"name":"wp","href":"https:\/\/api.w.org\/{rel}","templated":true}]}}