{"id":780,"date":"2021-11-27T09:16:01","date_gmt":"2021-11-27T08:16:01","guid":{"rendered":"https:\/\/smartmob.irunhondarribiahendaye.com\/bidasoa-txingudi-mugazgaindiko-patzuergoa\/smartmob\/"},"modified":"2026-04-08T09:56:34","modified_gmt":"2026-04-08T07:56:34","slug":"smartmob","status":"publish","type":"page","link":"https:\/\/smartmob.irunhondarribiahendaye.com\/eu\/bidasoa-txingudi-mugazgaindiko-patzuergoa\/smartmob\/","title":{"rendered":"Smartmob"},"content":{"rendered":"\n\n\t\t<h2>\n\t\t\tSmartmob\n\t\t<\/h2>\n\t\t\t<p>Frente a los desaf\u00edos de la movilidad transfronteriza, el Syndicat des Mobilit\u00e9s Pays Basque &#8211; Adour (jefe de fila), el Ayuntamiento de Hendaya, el Ayuntamiento de Irun y el Consorcio Transfronterizo Bidasoa-Txingudi como cofinanciadores, junto con la Euroregi\u00f3n Nueva Aquitania &#8211; Euskadi &#8211; Navarra, el Ayuntamiento de Hondarribia y el Ayuntamiento de San Juan de Luz como asociados, han elaborado el proyecto com\u00fan &#8220;SMARTMOB&#8221;.<\/p>\t\t\n\t\t\t\t<img decoding=\"async\" src=\"https:\/\/smartmob.irunhondarribiahendaye.com\/wp-content\/uploads\/2022\/04\/smartmob-page.jpg\" alt=\"smartmob-page\" itemprop=\"image\" height=\"1423\" width=\"1200\" title=\"smartmob-page\" onerror=\"this.style.display='none'\"  \/>\n\t<p>Los socios adoptan as\u00ed un nuevo enfoque: la movilidad sostenible e inteligente sit\u00faan al usuario en el centro del sistema.<\/p>\n<p>SMARTMOB responde concretamente a los retos de la movilidad transfronteriza sostenible en un territorio localizado, el territorio Bidasoa &#8211; Sud Pays Basque con la Bah\u00eda de Txingudi (Irun, Hondarribia, Hendaya) como n\u00facleo central en el coraz\u00f3n de los desplazamientos entre un lado y otro de la frontera.<\/p>\n<h3>\n\t\tLa comarca de Bidasoa-Txingudi:\n\t<\/h3>\n\t<ul>\n<li>&#8220;una movilidad cotidiana donde el 90% de los desplazamientos se hacen en coche&#8221;;<\/li>\n<li>&#8220;11.000 veh\u00edculos ligeros al d\u00eda cruzan el puente de Behobia, dos veces m\u00e1s el puente de Santiago&#8221;;<\/li>\n<li>&#8220;Cerca del 40 % de los desplazamientos se realizan en un contexto de proximidad, y en su totalidad al nivel del Consorcio Transfronterizo Bidasoa-Txingudi&#8221;.<\/li>\n<\/ul>\n<p>Ejemplos de actuaci\u00f3n que se est\u00e1n llevando a cabo: un mapa com\u00fan de las redes de transporte en el territorio transfronterizo, una mejora de la se\u00f1al\u00e9tica en las entradas y las salidas de la ciudad, l\u00edneas de autob\u00fas el\u00e9ctrico, Planes de movilidad en las empresas y las administraciones locales, etc.<\/p>\n<p>El presupuesto del proyecto transfronterizo SMARTMOB para los 3 a\u00f1os de desarrollo (2018-2021) asciende a 2.108.627 \u20ac.<\/p>\n\t<p>Este proyecto est\u00e1 cofinanciado al 65 % por el Fondo Europeo de Desarrollo Regional (FEDER) en el marco del\u00a0<a title=\"Se abrir\u00e1 en ventana nueva\" href=\"https:\/\/www.poctefa.eu\/\" target=\"_blank\" rel=\"external noopener\">Programa Interreg V-A Espa\u00f1a &#8211; Francia &#8211; Andorra (POCTEFA 2014-2020)<\/a>. El objetivo de POCTEFA es reforzar la integraci\u00f3n econ\u00f3mica y social del espacio fronterizo Espa\u00f1a &#8211; Francia &#8211; Andorra. Su ayuda se enfoca en el desarrollo de actividades econ\u00f3micas, sociales y medioambientales transfronterizas a trav\u00e9s de estrategias conjuntas que favorecen el desarrollo sostenible del territorio.<\/p>\n\t<iframe allowfullscreen allow=\"autoplay\" data-src=\"https:\/\/www.youtube.com\/embed\/2r_H_q-2RRE?feature=oembed&amp;start&amp;end&amp;wmode=opaque&amp;loop=0&amp;controls=1&amp;mute=0&amp;rel=0&amp;modestbranding=0\"><\/iframe>\t\t\n\t\t\t\t\tPlay Video\n\n","protected":false},"excerpt":{"rendered":"<p>Smartmob Frente a los desaf\u00edos de la movilidad transfronteriza, el Syndicat des Mobilit\u00e9s Pays Basque &#8211; Adour (jefe de fila), el Ayuntamiento de Hendaya, el Ayuntamiento de Irun y el Consorcio Transfronterizo Bidasoa-Txingudi como cofinanciadores, junto con la Euroregi\u00f3n Nueva Aquitania &#8211; Euskadi &#8211; Navarra, el Ayuntamiento de Hondarribia y el Ayuntamiento de San Juan&hellip;<\/p>\n","protected":false},"author":1,"featured_media":0,"parent":225,"menu_order":0,"comment_status":"closed","ping_status":"closed","template":"","meta":{"footnotes":""},"class_list":["post-780","page","type-page","status-publish","hentry"],"_links":{"self":[{"href":"https:\/\/smartmob.irunhondarribiahendaye.com\/eu\/wp-json\/wp\/v2\/pages\/780","targetHints":{"allow":["GET"]}}],"collection":[{"href":"https:\/\/smartmob.irunhondarribiahendaye.com\/eu\/wp-json\/wp\/v2\/pages"}],"about":[{"href":"https:\/\/smartmob.irunhondarribiahendaye.com\/eu\/wp-json\/wp\/v2\/types\/page"}],"author":[{"embeddable":true,"href":"https:\/\/smartmob.irunhondarribiahendaye.com\/eu\/wp-json\/wp\/v2\/users\/1"}],"replies":[{"embeddable":true,"href":"https:\/\/smartmob.irunhondarribiahendaye.com\/eu\/wp-json\/wp\/v2\/comments?post=780"}],"version-history":[{"count":1,"href":"https:\/\/smartmob.irunhondarribiahendaye.com\/eu\/wp-json\/wp\/v2\/pages\/780\/revisions"}],"predecessor-version":[{"id":1728,"href":"https:\/\/smartmob.irunhondarribiahendaye.com\/eu\/wp-json\/wp\/v2\/pages\/780\/revisions\/1728"}],"up":[{"embeddable":true,"href":"https:\/\/smartmob.irunhondarribiahendaye.com\/eu\/wp-json\/wp\/v2\/pages\/225"}],"wp:attachment":[{"href":"https:\/\/smartmob.irunhondarribiahendaye.com\/eu\/wp-json\/wp\/v2\/media?parent=780"}],"curies":[{"name":"wp","href":"https:\/\/api.w.org\/{rel}","templated":true}]}}